{"id":5365,"date":"2026-04-18T13:31:24","date_gmt":"2026-04-18T11:31:24","guid":{"rendered":"https:\/\/adwokat-witecka.pl\/?post_type=product&#038;p=5365"},"modified":"2026-04-18T13:43:09","modified_gmt":"2026-04-18T11:43:09","slug":"wzor-pozwu-o-podwyzszenie-alimentow-z-komentarzami-i-przykladowym-uzasadnieniem","status":"publish","type":"product","link":"https:\/\/adwokat-witecka.pl\/en\/product\/wzor-pozwu-o-podwyzszenie-alimentow-z-komentarzami-i-przykladowym-uzasadnieniem\/","title":{"rendered":"Wz\u00f3r pozwu o podwy\u017cszenie aliment\u00f3w \u2013 z komentarzami i przyk\u0142adowym uzasadnieniem"},"content":{"rendered":"<p>Zastanawiasz si\u0119, jak napisa\u0107 pozew o podwy\u017cszenie aliment\u00f3w, ale gubisz si\u0119 w prawniczych sformu\u0142owaniach? Ten wz\u00f3r pomo\u017ce Ci zrobi\u0107 pierwszy krok bez stresu i poczucia bezradno\u015bci. \ud83d\udcc4 W pliku znajdziesz gotowy pozew z przyk\u0142adowym uzasadnieniem, \ud83d\udcac a na marginesach komentarze \u2013 wyja\u015bniam, jak dopasowa\u0107 tre\u015b\u0107 do Twojej sytuacji, na co zwr\u00f3ci\u0107 uwag\u0119 i czego unika\u0107. Dokument otworzysz w programach obs\u0142uguj\u0105cych pliki .docx (np. Word, Google Docs), dzi\u0119ki czemu zobaczysz wszystkie moje podpowiedzi. Nie musisz zna\u0107 paragraf\u00f3w, \u017ceby skutecznie zawalczy\u0107 o to, co s\u0142uszne. Ten wz\u00f3r to narz\u0119dzie, kt\u00f3re oszcz\u0119dzi Ci stresu i czasu \u2013 a Tobie i Twojemu dziecku da realne wsparcie.<\/p>","protected":false},"excerpt":{"rendered":"<p>Zastanawiasz si\u0119, jak napisa\u0107 pozew o podwy\u017cszenie aliment\u00f3w, ale gubisz si\u0119 w prawniczych sformu\u0142owaniach? Ten wz\u00f3r pomo\u017ce Ci zrobi\u0107 pierwszy krok bez stresu i poczucia bezradno\u015bci.<\/p>","protected":false},"featured_media":5366,"comment_status":"open","ping_status":"closed","template":"","meta":[],"product_brand":[],"product_cat":[51],"product_tag":[],"class_list":{"0":"post-5365","1":"product","2":"type-product","3":"status-publish","4":"has-post-thumbnail","6":"product_cat-wzory-pism","8":"first","9":"instock","10":"downloadable","11":"virtual","12":"taxable","13":"purchasable","14":"product-type-simple"},"_links":{"self":[{"href":"https:\/\/adwokat-witecka.pl\/en\/wp-json\/wp\/v2\/product\/5365","targetHints":{"allow":["GET"]}}],"collection":[{"href":"https:\/\/adwokat-witecka.pl\/en\/wp-json\/wp\/v2\/product"}],"about":[{"href":"https:\/\/adwokat-witecka.pl\/en\/wp-json\/wp\/v2\/types\/product"}],"replies":[{"embeddable":true,"href":"https:\/\/adwokat-witecka.pl\/en\/wp-json\/wp\/v2\/comments?post=5365"}],"wp:featuredmedia":[{"embeddable":true,"href":"https:\/\/adwokat-witecka.pl\/en\/wp-json\/wp\/v2\/media\/5366"}],"wp:attachment":[{"href":"https:\/\/adwokat-witecka.pl\/en\/wp-json\/wp\/v2\/media?parent=5365"}],"wp:term":[{"taxonomy":"product_brand","embeddable":true,"href":"https:\/\/adwokat-witecka.pl\/en\/wp-json\/wp\/v2\/product_brand?post=5365"},{"taxonomy":"product_cat","embeddable":true,"href":"https:\/\/adwokat-witecka.pl\/en\/wp-json\/wp\/v2\/product_cat?post=5365"},{"taxonomy":"product_tag","embeddable":true,"href":"https:\/\/adwokat-witecka.pl\/en\/wp-json\/wp\/v2\/product_tag?post=5365"}],"curies":[{"name":"wp","href":"https:\/\/api.w.org\/{rel}","templated":true}]}}