{"id":5369,"date":"2026-04-18T13:32:55","date_gmt":"2026-04-18T11:32:55","guid":{"rendered":"https:\/\/adwokat-witecka.pl\/?post_type=product&#038;p=5369"},"modified":"2026-04-18T13:43:43","modified_gmt":"2026-04-18T11:43:43","slug":"pozew-o-alimenty","status":"publish","type":"product","link":"https:\/\/adwokat-witecka.pl\/en\/product\/pozew-o-alimenty\/","title":{"rendered":"Pozew o alimenty"},"content":{"rendered":"<p>Gotowy wz\u00f3r z komentarzami i uzasadnieniem Je\u015bli stoisz przed trudn\u0105 decyzj\u0105 o z\u0142o\u017ceniu pozwu o alimenty i nie wiesz, jak to uj\u0105\u0107 \u201epo prawniczemu\u201d \u2013 ten wz\u00f3r jest dla Ciebie. To narz\u0119dzie, kt\u00f3re przygotowa\u0142am z my\u015bl\u0105 o osobach, kt\u00f3re chc\u0105 zawalczy\u0107 o sprawiedliwe wsparcie dla swojego dziecka, ale nie wiedz\u0105, od czego zacz\u0105\u0107. \ud83d\udcc4 W pliku znajdziesz gotowy pozew z przyk\u0142adowym uzasadnieniem, \ud83d\udcac oraz komentarze na marginesach \u2013 podpowiadam, na co uwa\u017ca\u0107, co mo\u017cesz zmieni\u0107 i dlaczego ka\u017cda cz\u0119\u015b\u0107 pisma jest wa\u017cna. Aby w pe\u0142ni skorzysta\u0107 z dokumentu, potrzebujesz programu, kt\u00f3ry odczytuje pliki .docx z widocznymi komentarzami (np. Word lub Google Docs). Masz problem z otwarciem albo potrzebujesz wskaz\u00f3wki? Napisz do mnie \u2013 pomog\u0119. Nie musisz by\u0107 prawnikiem, \u017ceby zadba\u0107 o to, co s\u0142uszne.<\/p>","protected":false},"excerpt":{"rendered":"<p>Gotowy wz\u00f3r z komentarzami i uzasadnieniem Je\u015bli stoisz przed trudn\u0105 decyzj\u0105 o z\u0142o\u017ceniu pozwu o alimenty i nie wiesz, jak to uj\u0105\u0107 \u201epo prawniczemu\u201d \u2013 ten wz\u00f3r jest dla Ciebie.<\/p>","protected":false},"featured_media":5370,"comment_status":"open","ping_status":"closed","template":"","meta":[],"product_brand":[],"product_cat":[51],"product_tag":[],"class_list":{"0":"post-5369","1":"product","2":"type-product","3":"status-publish","4":"has-post-thumbnail","6":"product_cat-wzory-pism","8":"first","9":"instock","10":"downloadable","11":"virtual","12":"taxable","13":"purchasable","14":"product-type-simple"},"_links":{"self":[{"href":"https:\/\/adwokat-witecka.pl\/en\/wp-json\/wp\/v2\/product\/5369","targetHints":{"allow":["GET"]}}],"collection":[{"href":"https:\/\/adwokat-witecka.pl\/en\/wp-json\/wp\/v2\/product"}],"about":[{"href":"https:\/\/adwokat-witecka.pl\/en\/wp-json\/wp\/v2\/types\/product"}],"replies":[{"embeddable":true,"href":"https:\/\/adwokat-witecka.pl\/en\/wp-json\/wp\/v2\/comments?post=5369"}],"wp:featuredmedia":[{"embeddable":true,"href":"https:\/\/adwokat-witecka.pl\/en\/wp-json\/wp\/v2\/media\/5370"}],"wp:attachment":[{"href":"https:\/\/adwokat-witecka.pl\/en\/wp-json\/wp\/v2\/media?parent=5369"}],"wp:term":[{"taxonomy":"product_brand","embeddable":true,"href":"https:\/\/adwokat-witecka.pl\/en\/wp-json\/wp\/v2\/product_brand?post=5369"},{"taxonomy":"product_cat","embeddable":true,"href":"https:\/\/adwokat-witecka.pl\/en\/wp-json\/wp\/v2\/product_cat?post=5369"},{"taxonomy":"product_tag","embeddable":true,"href":"https:\/\/adwokat-witecka.pl\/en\/wp-json\/wp\/v2\/product_tag?post=5369"}],"curies":[{"name":"wp","href":"https:\/\/api.w.org\/{rel}","templated":true}]}}